{"id":33,"date":"2024-04-09T17:52:41","date_gmt":"2024-04-09T15:52:41","guid":{"rendered":"http:\/\/haarfrei-duissern.de\/wordpress\/?page_id=33"},"modified":"2026-02-11T09:46:58","modified_gmt":"2026-02-11T08:46:58","slug":"ueber-mich","status":"publish","type":"page","link":"https:\/\/haarfrei-ruhrpott.de\/?page_id=33","title":{"rendered":"\u00dcber mich"},"content":{"rendered":"\t\t<div data-elementor-type=\"wp-page\" data-elementor-id=\"33\" class=\"elementor elementor-33\">\n\t\t\t\t<div class=\"elementor-element elementor-element-0f7b241 e-flex e-con-boxed e-con e-parent\" data-id=\"0f7b241\" data-element_type=\"container\" data-e-type=\"container\">\n\t\t\t\t\t<div class=\"e-con-inner\">\n\t\t<div class=\"elementor-element elementor-element-02240a3 e-con-full e-flex e-con e-child\" data-id=\"02240a3\" data-element_type=\"container\" data-e-type=\"container\">\n\t\t\t\t<div class=\"elementor-element elementor-element-4f20dea elementor-widget__width-initial elementor-widget elementor-widget-text-editor\" data-id=\"4f20dea\" data-element_type=\"widget\" data-e-type=\"widget\" data-widget_type=\"text-editor.default\">\n\t\t\t\t<div class=\"elementor-widget-container\">\n\t\t\t\t\t\t\t\t\t<p><img fetchpriority=\"high\" decoding=\"async\" class=\"wp-image-622 alignleft\" src=\"https:\/\/haarfrei-ruhrpott.de\/wp-content\/uploads\/2026\/02\/1-194x300.jpg\" alt=\"\" width=\"224\" height=\"347\" srcset=\"https:\/\/haarfrei-ruhrpott.de\/wp-content\/uploads\/2026\/02\/1-194x300.jpg 194w, https:\/\/haarfrei-ruhrpott.de\/wp-content\/uploads\/2026\/02\/1-663x1024.jpg 663w, https:\/\/haarfrei-ruhrpott.de\/wp-content\/uploads\/2026\/02\/1-768x1187.jpg 768w, https:\/\/haarfrei-ruhrpott.de\/wp-content\/uploads\/2026\/02\/1-994x1536.jpg 994w, https:\/\/haarfrei-ruhrpott.de\/wp-content\/uploads\/2026\/02\/1-1325x2048.jpg 1325w, https:\/\/haarfrei-ruhrpott.de\/wp-content\/uploads\/2026\/02\/1-scaled.jpg 1657w\" sizes=\"(max-width: 224px) 100vw, 224px\" \/>Vor \u00fcber 8 Jahren habe ich als medizinische Fachangestellte in einem Gesundheitszentrum begonnen, die dauerhafte Haarentfernung mit dem Dioden-Laser anzubieten. Nachdem ich gesehen habe, dass diese Methode der Haarentfernung wirklich dauerhaft ist und Menschen dazu verhilft, l\u00e4stige oder un\u00e4sthetische Haare loszuwerden, habe ich mich entschlossen, mich in diesem Bereich selbstst\u00e4ndig zu machen.<\/p><p>Es freut mich, wenn ich Kundinnen und Kunden ein St\u00fcck Lebensqualit\u00e4t gebe, indem sie ihre K\u00f6rperhaare dauerhaft loswerden. Ob die Behaarung an den Beinen, unter den Achseln, den Damenbart, die Bikinizone, auf dem R\u00fccken oder irgendwo sonst, der Dioden-Laser bietet eine sanfte, schmerzarme, schnelle und effektive M\u00f6glichkeit, dass diese Haare der Vergangenheit angeh\u00f6ren.<\/p>\t\t\t\t\t\t\t\t<\/div>\n\t\t\t\t<\/div>\n\t\t\t\t<\/div>\n\t\t\t\t\t<\/div>\n\t\t\t\t<\/div>\n\t\t<div class=\"elementor-element elementor-element-f9fd875 e-flex e-con-boxed e-con e-parent\" data-id=\"f9fd875\" data-element_type=\"container\" data-e-type=\"container\">\n\t\t\t\t\t<div class=\"e-con-inner\">\n\t\t<div class=\"elementor-element elementor-element-5508ba2 e-con-full e-flex e-con e-child\" data-id=\"5508ba2\" data-element_type=\"container\" data-e-type=\"container\">\n\t\t\t\t<div class=\"elementor-element elementor-element-41d2be7 elementor-widget elementor-widget-text-editor\" data-id=\"41d2be7\" data-element_type=\"widget\" data-e-type=\"widget\" data-widget_type=\"text-editor.default\">\n\t\t\t\t<div class=\"elementor-widget-container\">\n\t\t\t\t\t\t\t\t\t<p>Seit 2022 biete ich mit der AUSZEIT Wellnessmassagen an und wei\u00df durch viele Gespr\u00e4che, dass sich meine Kundinnen und Kunden auf die Massage vorbereiten, in dem sie sich die st\u00f6renden Haare immer wieder entfernen. Durch die dauerhafte Haarentfernung mit dem Dioden-Laser ist das bald nicht mehr erforderlich.<\/p><p>Selbstverst\u00e4ndlich bin ich NISV-zertifiziert und f\u00fchre individuelle und ausf\u00fchrliche Beratungsgespr\u00e4che, um meine Kunden auf die Behandlung vorzubereiten.<\/p><p>Melden Sie sich doch einfach zu einem unverbindlichen Gespr\u00e4ch und freuen Sie sich schon bald auf HAARFREIe Haut!<\/p>\t\t\t\t\t\t\t\t<\/div>\n\t\t\t\t<\/div>\n\t\t\t\t<\/div>\n\t\t<div class=\"elementor-element elementor-element-28d72ba e-con-full e-flex e-con e-child\" data-id=\"28d72ba\" data-element_type=\"container\" data-e-type=\"container\">\n\t\t\t\t<div class=\"elementor-element elementor-element-9ab7bb3 elementor-widget elementor-widget-image\" data-id=\"9ab7bb3\" data-element_type=\"widget\" data-e-type=\"widget\" data-widget_type=\"image.default\">\n\t\t\t\t<div class=\"elementor-widget-container\">\n\t\t\t\t\t\t\t\t\t\t\t\t\t\t\t\t<a href=\"https:\/\/haarfrei-duissern.de\/wp-content\/uploads\/2024\/04\/NISV-Zertifikat-Homepage.jpg\" data-elementor-open-lightbox=\"yes\" data-elementor-lightbox-title=\"NISV Zertifikat\" data-e-action-hash=\"#elementor-action%3Aaction%3Dlightbox%26settings%3DeyJpZCI6MzcsInVybCI6Imh0dHBzOlwvXC9oYWFyZnJlaS1ydWhycG90dC5kZVwvd3AtY29udGVudFwvdXBsb2Fkc1wvMjAyNFwvMDRcL05JU1YtWmVydGlmaWthdC1Ib21lcGFnZS5qcGcifQ%3D%3D\">\n\t\t\t\t\t\t\t<img decoding=\"async\" width=\"720\" height=\"1024\" src=\"https:\/\/haarfrei-ruhrpott.de\/wp-content\/uploads\/2024\/04\/NISV-Zertifikat-Homepage-720x1024.jpg\" class=\"attachment-large size-large wp-image-37\" alt=\"\" srcset=\"https:\/\/haarfrei-ruhrpott.de\/wp-content\/uploads\/2024\/04\/NISV-Zertifikat-Homepage-720x1024.jpg 720w, https:\/\/haarfrei-ruhrpott.de\/wp-content\/uploads\/2024\/04\/NISV-Zertifikat-Homepage-211x300.jpg 211w, https:\/\/haarfrei-ruhrpott.de\/wp-content\/uploads\/2024\/04\/NISV-Zertifikat-Homepage-768x1092.jpg 768w, https:\/\/haarfrei-ruhrpott.de\/wp-content\/uploads\/2024\/04\/NISV-Zertifikat-Homepage-1080x1536.jpg 1080w, https:\/\/haarfrei-ruhrpott.de\/wp-content\/uploads\/2024\/04\/NISV-Zertifikat-Homepage-42x60.jpg 42w, https:\/\/haarfrei-ruhrpott.de\/wp-content\/uploads\/2024\/04\/NISV-Zertifikat-Homepage.jpg 1125w\" sizes=\"(max-width: 720px) 100vw, 720px\" \/>\t\t\t\t\t\t\t\t<\/a>\n\t\t\t\t\t\t\t\t\t\t\t\t\t\t\t<\/div>\n\t\t\t\t<\/div>\n\t\t\t\t<\/div>\n\t\t\t\t\t<\/div>\n\t\t\t\t<\/div>\n\t\t\t\t<\/div>\n\t\t","protected":false},"excerpt":{"rendered":"<p>Vor \u00fcber 8 Jahren habe ich als medizinische Fachangestellte in einem Gesundheitszentrum begonnen, die dauerhafte Haarentfernung mit dem Dioden-Laser anzubieten. Nachdem ich gesehen habe, dass diese Methode der Haarentfernung wirklich &hellip; <\/p>\n","protected":false},"author":1,"featured_media":173,"parent":0,"menu_order":0,"comment_status":"closed","ping_status":"closed","template":"elementor_header_footer","meta":{"footnotes":""},"class_list":["post-33","page","type-page","status-publish","has-post-thumbnail","hentry"],"_links":{"self":[{"href":"https:\/\/haarfrei-ruhrpott.de\/index.php?rest_route=\/wp\/v2\/pages\/33","targetHints":{"allow":["GET"]}}],"collection":[{"href":"https:\/\/haarfrei-ruhrpott.de\/index.php?rest_route=\/wp\/v2\/pages"}],"about":[{"href":"https:\/\/haarfrei-ruhrpott.de\/index.php?rest_route=\/wp\/v2\/types\/page"}],"author":[{"embeddable":true,"href":"https:\/\/haarfrei-ruhrpott.de\/index.php?rest_route=\/wp\/v2\/users\/1"}],"replies":[{"embeddable":true,"href":"https:\/\/haarfrei-ruhrpott.de\/index.php?rest_route=%2Fwp%2Fv2%2Fcomments&post=33"}],"version-history":[{"count":68,"href":"https:\/\/haarfrei-ruhrpott.de\/index.php?rest_route=\/wp\/v2\/pages\/33\/revisions"}],"predecessor-version":[{"id":661,"href":"https:\/\/haarfrei-ruhrpott.de\/index.php?rest_route=\/wp\/v2\/pages\/33\/revisions\/661"}],"wp:featuredmedia":[{"embeddable":true,"href":"https:\/\/haarfrei-ruhrpott.de\/index.php?rest_route=\/wp\/v2\/media\/173"}],"wp:attachment":[{"href":"https:\/\/haarfrei-ruhrpott.de\/index.php?rest_route=%2Fwp%2Fv2%2Fmedia&parent=33"}],"curies":[{"name":"wp","href":"https:\/\/api.w.org\/{rel}","templated":true}]}}